{"id":2098,"date":"2023-12-18T11:15:43","date_gmt":"2023-12-18T14:15:43","guid":{"rendered":"https:\/\/pradorodas.com.br\/?post_type=product&#038;p=2098"},"modified":"2024-02-16T10:38:46","modified_gmt":"2024-02-16T13:38:46","slug":"roda-scorro-s-218-17x7-4x100-dp","status":"publish","type":"product","link":"https:\/\/pradorodas.com.br\/index.php\/produto\/roda-scorro-s-218-17x7-4x100-dp\/","title":{"rendered":"Roda Scorro S-218 17X7 &#8211; 4X100 DP"},"content":{"rendered":"<p>Caracter\u00edsticas do Produto<br \/>\nFura\u00e7\u00e3o: 4X100<br \/>\nPintura: Preta diamantada<br \/>\nMaterial: liga leve (Alum\u00ednio).<br \/>\nEquipe o seu ve\u00edculo com estilo, qualidade e melhor pre\u00e7o em rodas e pneus aqui na PRADORODAS!<br \/>\nRodas Jogo com 4 rodas GM \u2013 Volkswagen \u2013 Hyundai<\/p>\n<p>As rodas de alum\u00ednio traz economia para o bolso do condutor, porque, como trazem leveza ao ve\u00edculo, consequentemente gastam menos combust\u00edvel, tornando o carro mais econ\u00f4mico. Feitas de alum\u00ednio e sil\u00edcio, as rodas de liga leve s\u00e3o acess\u00f3rios muito cobi\u00e7ados entre os motoristas que gostam de dar um upgrade na apar\u00eancia do ve\u00edculo. Em compara\u00e7\u00e3o com as rodas de a\u00e7o, que s\u00e3o mais comuns entre os carros, as rodas de liga leve oferecem mais resist\u00eancia e s\u00e3o mais leves.<\/p>\n","protected":false},"excerpt":{"rendered":"<p>Caracter\u00edsticas do Produto<br \/>\nFura\u00e7\u00e3o: 4X100<br \/>\nPintura: Preta diamantada<br \/>\nMaterial: liga leve (Alum\u00ednio).<br \/>\nEquipe o seu ve\u00edculo com estilo, qualidade e melhor pre\u00e7o em rodas e pneus aqui na PRADORODAS!<br \/>\nRodas Jogo com 4 rodas GM \u2013 Volkswagen \u2013 Hyundai<\/p>\n<p>As rodas de alum\u00ednio traz economia para o bolso do condutor, porque, como trazem leveza ao ve\u00edculo, consequentemente gastam menos combust\u00edvel, tornando o carro mais econ\u00f4mico. Feitas de alum\u00ednio e sil\u00edcio, as rodas de liga leve s\u00e3o acess\u00f3rios muito cobi\u00e7ados entre os motoristas que gostam de dar um upgrade na apar\u00eancia do ve\u00edculo. Em compara\u00e7\u00e3o com as rodas de a\u00e7o, que s\u00e3o mais comuns entre os carros, as rodas de liga leve oferecem mais resist\u00eancia e s\u00e3o mais leves.<\/p>\n","protected":false},"featured_media":2099,"template":"","meta":{"_joinchat":[]},"product_cat":[42,18],"product_tag":[72,98,87,90,69,101,99,100],"_links":{"self":[{"href":"https:\/\/pradorodas.com.br\/index.php\/wp-json\/wp\/v2\/product\/2098"}],"collection":[{"href":"https:\/\/pradorodas.com.br\/index.php\/wp-json\/wp\/v2\/product"}],"about":[{"href":"https:\/\/pradorodas.com.br\/index.php\/wp-json\/wp\/v2\/types\/product"}],"wp:featuredmedia":[{"embeddable":true,"href":"https:\/\/pradorodas.com.br\/index.php\/wp-json\/wp\/v2\/media\/2099"}],"wp:attachment":[{"href":"https:\/\/pradorodas.com.br\/index.php\/wp-json\/wp\/v2\/media?parent=2098"}],"wp:term":[{"taxonomy":"product_cat","embeddable":true,"href":"https:\/\/pradorodas.com.br\/index.php\/wp-json\/wp\/v2\/product_cat?post=2098"},{"taxonomy":"product_tag","embeddable":true,"href":"https:\/\/pradorodas.com.br\/index.php\/wp-json\/wp\/v2\/product_tag?post=2098"}],"curies":[{"name":"wp","href":"https:\/\/api.w.org\/{rel}","templated":true}]}}