{"id":71,"date":"2017-09-27T16:09:34","date_gmt":"2017-09-27T19:09:34","guid":{"rendered":"https:\/\/pradorodas.com.br\/?page_id=71"},"modified":"2023-07-20T09:37:45","modified_gmt":"2023-07-20T12:37:45","slug":"quem-somos","status":"publish","type":"page","link":"https:\/\/pradorodas.com.br\/index.php\/quem-somos\/","title":{"rendered":"Quem Somos"},"content":{"rendered":"\t\t<div data-elementor-type=\"wp-post\" data-elementor-id=\"71\" class=\"elementor elementor-71\" data-elementor-post-type=\"page\">\n\t\t\t\t\t\t<section class=\"elementor-section elementor-top-section elementor-element elementor-element-9dd2b9d elementor-section-stretched elementor-section-full_width elementor-section-height-min-height elementor-section-height-default elementor-section-items-middle\" data-id=\"9dd2b9d\" data-element_type=\"section\" data-settings=\"{&quot;stretch_section&quot;:&quot;section-stretched&quot;,&quot;background_background&quot;:&quot;classic&quot;}\">\n\t\t\t\t\t\t\t<div class=\"elementor-background-overlay\"><\/div>\n\t\t\t\t\t\t\t<div class=\"elementor-container elementor-column-gap-default\">\n\t\t\t\t\t<div class=\"elementor-column elementor-col-100 elementor-top-column elementor-element elementor-element-e663d2c\" data-id=\"e663d2c\" data-element_type=\"column\">\n\t\t\t<div class=\"elementor-widget-wrap elementor-element-populated\">\n\t\t\t\t\t\t<div class=\"elementor-element elementor-element-2a8e28a elementor-widget elementor-widget-heading\" data-id=\"2a8e28a\" data-element_type=\"widget\" data-widget_type=\"heading.default\">\n\t\t\t\t<div class=\"elementor-widget-container\">\n\t\t\t<h2 class=\"elementor-heading-title elementor-size-default\">Quem Somos<\/h2>\t\t<\/div>\n\t\t\t\t<\/div>\n\t\t\t\t<div class=\"elementor-element elementor-element-15eb1ef elementor-widget elementor-widget-spacer\" data-id=\"15eb1ef\" data-element_type=\"widget\" data-widget_type=\"spacer.default\">\n\t\t\t\t<div class=\"elementor-widget-container\">\n\t\t\t\t\t<div class=\"elementor-spacer\">\n\t\t\t<div class=\"elementor-spacer-inner\"><\/div>\n\t\t<\/div>\n\t\t\t\t<\/div>\n\t\t\t\t<\/div>\n\t\t\t\t<div class=\"elementor-element elementor-element-0e7ad98 elementor-widget elementor-widget-text-editor\" data-id=\"0e7ad98\" data-element_type=\"widget\" data-widget_type=\"text-editor.default\">\n\t\t\t\t<div class=\"elementor-widget-container\">\n\t\t\t\t\t\t\tO Sr\u00ba. Joel Libel Prado (Pai)\u00a0decide realizar um sonho, abrir sua pr\u00f3pria borracharia. Apaixonado por carros\u00a0desde crian\u00e7a, sempre desejou trabalhar com o que gosta e n\u00e3o poderia ter feito outra escolha. Inaugurou em 1986 a Prado Rodas, no in\u00edcio apenas um pequeno ponto comercial, localizado no bairro Higien\u00f3polis, onde trabalhava com consertos de Pneus.\n\nO Sr\u00ba. Joel manteve a loja com toda a qualidade nos servi\u00e7os prestados, atendimento diferenciado,\u00a0 entrega r\u00e1pida. Com o passar dos anos muita coisa mudou. No ano de 2000 o Pai resolveu\u00a0passar a loja para seu filho Victor Hugo da Silva Prado, que assumiu a loja propondo manter e administrar a empresa com total responsabilidade e ampliou a linha de servi\u00e7os e vendas de rodas esportivas, consertos, recupera\u00e7\u00e3o de rodas e venda de pneus, levando o nome Prado a ser uma das empresas mais conhecidas de Bauru e Regi\u00e3o.\n\nHoje, ap\u00f3s muita dedica\u00e7\u00e3o e empenho, chegou ao maior estoque de rodas e pneus do Estado de S\u00e3o Paulo, com verdadeira excel\u00eancia no atendimento e valoriza\u00e7\u00e3o de seus clientes, sempre acompanha as tend\u00eancias e lan\u00e7amentos do mercado em Rodas e Pneus originais e esportivos, dos aros 13\u2033 ao 22\u2033.\u00a0\n\nDesde ent\u00e3o, a empresa continua trabalhando para se destacar no mercado, que hoje \u00e9 sin\u00f4nimo de refer\u00eancia em rodas e qualidade em seus servi\u00e7os executados.\u00a0Atualmente a empresa est\u00e1 Localizada na Avenida Aureliana Cardia 6-05, Vila Cardia em Bauru \u2013 SP.\n\nVenha conhecer a empresa Prado Rodas e Pneus e de um novo visual para o seu ve\u00edculo. Quem v\u00eam at\u00e9 a loja e compra uma vez aqui, torna-se cliente fiel.\t\t\t\t\t\t<\/div>\n\t\t\t\t<\/div>\n\t\t\t\t\t<\/div>\n\t\t<\/div>\n\t\t\t\t\t<\/div>\n\t\t<\/section>\n\t\t\t\t<section class=\"elementor-section elementor-top-section elementor-element elementor-element-984f46a elementor-section-stretched elementor-section-full_width elementor-section-height-min-height elementor-section-height-default elementor-section-items-middle\" data-id=\"984f46a\" data-element_type=\"section\" data-settings=\"{&quot;stretch_section&quot;:&quot;section-stretched&quot;,&quot;background_background&quot;:&quot;classic&quot;}\">\n\t\t\t\t\t\t\t<div class=\"elementor-background-overlay\"><\/div>\n\t\t\t\t\t\t\t<div class=\"elementor-container elementor-column-gap-default\">\n\t\t\t\t\t<div class=\"elementor-column elementor-col-33 elementor-top-column elementor-element elementor-element-7bad303\" data-id=\"7bad303\" data-element_type=\"column\">\n\t\t\t<div class=\"elementor-widget-wrap elementor-element-populated\">\n\t\t\t\t\t\t<div class=\"elementor-element elementor-element-d1e97e6 elementor-widget elementor-widget-heading\" data-id=\"d1e97e6\" data-element_type=\"widget\" data-widget_type=\"heading.default\">\n\t\t\t\t<div class=\"elementor-widget-container\">\n\t\t\t<h2 class=\"elementor-heading-title elementor-size-default\">Miss\u00e3o<\/h2>\t\t<\/div>\n\t\t\t\t<\/div>\n\t\t\t\t<div class=\"elementor-element elementor-element-7a3c6fa elementor-widget elementor-widget-text-editor\" data-id=\"7a3c6fa\" data-element_type=\"widget\" data-widget_type=\"text-editor.default\">\n\t\t\t\t<div class=\"elementor-widget-container\">\n\t\t\t\t\t\t\tProporcionar um atendimento de excel\u00eancia, disponibilizando rodas de qualidade, servi\u00e7os r\u00e1pidos e criando v\u00ednculos fortes e duradouros com nossos clientes.\t\t\t\t\t\t<\/div>\n\t\t\t\t<\/div>\n\t\t\t\t\t<\/div>\n\t\t<\/div>\n\t\t\t\t<div class=\"elementor-column elementor-col-33 elementor-top-column elementor-element elementor-element-ae2b080\" data-id=\"ae2b080\" data-element_type=\"column\">\n\t\t\t<div class=\"elementor-widget-wrap elementor-element-populated\">\n\t\t\t\t\t\t<div class=\"elementor-element elementor-element-9dc3769 elementor-widget elementor-widget-heading\" data-id=\"9dc3769\" data-element_type=\"widget\" data-widget_type=\"heading.default\">\n\t\t\t\t<div class=\"elementor-widget-container\">\n\t\t\t<h2 class=\"elementor-heading-title elementor-size-default\">Vis\u00e3o<\/h2>\t\t<\/div>\n\t\t\t\t<\/div>\n\t\t\t\t<div class=\"elementor-element elementor-element-0c742c7 elementor-widget elementor-widget-text-editor\" data-id=\"0c742c7\" data-element_type=\"widget\" data-widget_type=\"text-editor.default\">\n\t\t\t\t<div class=\"elementor-widget-container\">\n\t\t\t\t\t\t\tSer a maior empresa do segmento de rodas e pneus do Brasil, trabalhar com uma equipe treinada\u00a0 e qualificada com padr\u00f5es de excel\u00eancia em atendimento e execu\u00e7\u00e3o dos servi\u00e7os prestados.\t\t\t\t\t\t<\/div>\n\t\t\t\t<\/div>\n\t\t\t\t\t<\/div>\n\t\t<\/div>\n\t\t\t\t<div class=\"elementor-column elementor-col-33 elementor-top-column elementor-element elementor-element-da8b2a9\" data-id=\"da8b2a9\" data-element_type=\"column\">\n\t\t\t<div class=\"elementor-widget-wrap elementor-element-populated\">\n\t\t\t\t\t\t<div class=\"elementor-element elementor-element-6e04d37 elementor-widget elementor-widget-heading\" data-id=\"6e04d37\" data-element_type=\"widget\" data-widget_type=\"heading.default\">\n\t\t\t\t<div class=\"elementor-widget-container\">\n\t\t\t<h2 class=\"elementor-heading-title elementor-size-default\">Valores<\/h2>\t\t<\/div>\n\t\t\t\t<\/div>\n\t\t\t\t<div class=\"elementor-element elementor-element-1c6c515 elementor-widget elementor-widget-text-editor\" data-id=\"1c6c515\" data-element_type=\"widget\" data-widget_type=\"text-editor.default\">\n\t\t\t\t<div class=\"elementor-widget-container\">\n\t\t\t\t\t\t\tTrabalhar com honestidade, superar as expectativas de nossos clientes e manter o foco na excel\u00eancia do atendimento e disponibilizar sempre produtos de qualidade.\t\t\t\t\t\t<\/div>\n\t\t\t\t<\/div>\n\t\t\t\t\t<\/div>\n\t\t<\/div>\n\t\t\t\t\t<\/div>\n\t\t<\/section>\n\t\t\t\t<section class=\"elementor-section elementor-top-section elementor-element elementor-element-47f39f6 elementor-section-boxed elementor-section-height-default elementor-section-height-default\" data-id=\"47f39f6\" data-element_type=\"section\">\n\t\t\t\t\t\t<div class=\"elementor-container elementor-column-gap-default\">\n\t\t\t\t\t<div class=\"elementor-column elementor-col-100 elementor-top-column elementor-element elementor-element-89ef37c\" data-id=\"89ef37c\" data-element_type=\"column\">\n\t\t\t<div class=\"elementor-widget-wrap\">\n\t\t\t\t\t\t\t<\/div>\n\t\t<\/div>\n\t\t\t\t\t<\/div>\n\t\t<\/section>\n\t\t\t\t<section class=\"elementor-section elementor-top-section elementor-element elementor-element-29bce71 elementor-section-stretched elementor-section-full_width elementor-section-height-default elementor-section-height-default\" data-id=\"29bce71\" data-element_type=\"section\" data-settings=\"{&quot;stretch_section&quot;:&quot;section-stretched&quot;,&quot;background_background&quot;:&quot;classic&quot;}\">\n\t\t\t\t\t\t<div class=\"elementor-container elementor-column-gap-default\">\n\t\t\t\t\t<div class=\"elementor-column elementor-col-100 elementor-top-column elementor-element elementor-element-fc937cb\" data-id=\"fc937cb\" data-element_type=\"column\" data-settings=\"{&quot;background_background&quot;:&quot;classic&quot;}\">\n\t\t\t<div class=\"elementor-widget-wrap elementor-element-populated\">\n\t\t\t\t\t\t<div class=\"elementor-element elementor-element-aedb0ef elementor-widget elementor-widget-video\" data-id=\"aedb0ef\" data-element_type=\"widget\" data-settings=\"{&quot;youtube_url&quot;:&quot;https:\\\/\\\/www.youtube.com\\\/watch?v=2TFwCkgnK7g&amp;list=PLLQo42wFZ2Z_b7RsqrOH-3djy3zWMqpN6&quot;,&quot;video_type&quot;:&quot;youtube&quot;,&quot;controls&quot;:&quot;yes&quot;}\" data-widget_type=\"video.default\">\n\t\t\t\t<div class=\"elementor-widget-container\">\n\t\t\t\t\t<div class=\"elementor-wrapper elementor-open-inline\">\n\t\t\t<div class=\"elementor-video\"><\/div>\t\t<\/div>\n\t\t\t\t<\/div>\n\t\t\t\t<\/div>\n\t\t\t\t\t<\/div>\n\t\t<\/div>\n\t\t\t\t\t<\/div>\n\t\t<\/section>\n\t\t\t\t<\/div>\n\t\t","protected":false},"excerpt":{"rendered":"<p>Quem Somos O Sr\u00ba. Joel Libel Prado (Pai)\u00a0decide realizar um sonho, abrir sua pr\u00f3pria borracharia. Apaixonado por carros\u00a0desde crian\u00e7a, sempre desejou trabalhar com o que gosta e n\u00e3o poderia ter feito outra escolha. Inaugurou em 1986 a Prado Rodas, no in\u00edcio apenas um pequeno ponto comercial, localizado no bairro Higien\u00f3polis, onde trabalhava com consertos de [&hellip;]<\/p>\n","protected":false},"author":1,"featured_media":0,"parent":0,"menu_order":0,"comment_status":"closed","ping_status":"closed","template":"","meta":{"footnotes":"","_joinchat":[]},"_links":{"self":[{"href":"https:\/\/pradorodas.com.br\/index.php\/wp-json\/wp\/v2\/pages\/71"}],"collection":[{"href":"https:\/\/pradorodas.com.br\/index.php\/wp-json\/wp\/v2\/pages"}],"about":[{"href":"https:\/\/pradorodas.com.br\/index.php\/wp-json\/wp\/v2\/types\/page"}],"author":[{"embeddable":true,"href":"https:\/\/pradorodas.com.br\/index.php\/wp-json\/wp\/v2\/users\/1"}],"replies":[{"embeddable":true,"href":"https:\/\/pradorodas.com.br\/index.php\/wp-json\/wp\/v2\/comments?post=71"}],"version-history":[{"count":25,"href":"https:\/\/pradorodas.com.br\/index.php\/wp-json\/wp\/v2\/pages\/71\/revisions"}],"predecessor-version":[{"id":1623,"href":"https:\/\/pradorodas.com.br\/index.php\/wp-json\/wp\/v2\/pages\/71\/revisions\/1623"}],"wp:attachment":[{"href":"https:\/\/pradorodas.com.br\/index.php\/wp-json\/wp\/v2\/media?parent=71"}],"curies":[{"name":"wp","href":"https:\/\/api.w.org\/{rel}","templated":true}]}}