{"id":12,"date":"2017-09-27T13:05:10","date_gmt":"2017-09-27T13:05:10","guid":{"rendered":"https:\/\/pradorodas.com.br\/?page_id=12"},"modified":"2017-10-02T12:13:56","modified_gmt":"2017-10-02T15:13:56","slug":"rodas-de-liga-leve","status":"publish","type":"page","link":"https:\/\/pradorodas.com.br\/index.php\/rodas-de-liga-leve\/","title":{"rendered":"Rodas de Liga Leve"},"content":{"rendered":"<p>Na Prado Rodas voc\u00ea vai encontrar uma variedade de modelos de rodas esportivas com diferentes desenhos e combina\u00e7\u00f5es de cores e estilos, al\u00e9m das rodas cromadas.<br \/>\nPara garantir o melhor desemprenho da suspens\u00e3o e dos freios. O tamanho da roda defini o visual imponente e diferenciado.<\/p>\n","protected":false},"excerpt":{"rendered":"<p>Na Prado Rodas voc\u00ea vai encontrar uma variedade de modelos de rodas esportivas com diferentes desenhos e combina\u00e7\u00f5es de cores e estilos, al\u00e9m das rodas cromadas. Para garantir o melhor desemprenho da suspens\u00e3o e dos freios. O tamanho da roda defini o visual imponente e diferenciado.<\/p>\n","protected":false},"author":1,"featured_media":36,"parent":0,"menu_order":0,"comment_status":"closed","ping_status":"closed","template":"","meta":{"footnotes":"","_joinchat":[]},"_links":{"self":[{"href":"https:\/\/pradorodas.com.br\/index.php\/wp-json\/wp\/v2\/pages\/12"}],"collection":[{"href":"https:\/\/pradorodas.com.br\/index.php\/wp-json\/wp\/v2\/pages"}],"about":[{"href":"https:\/\/pradorodas.com.br\/index.php\/wp-json\/wp\/v2\/types\/page"}],"author":[{"embeddable":true,"href":"https:\/\/pradorodas.com.br\/index.php\/wp-json\/wp\/v2\/users\/1"}],"replies":[{"embeddable":true,"href":"https:\/\/pradorodas.com.br\/index.php\/wp-json\/wp\/v2\/comments?post=12"}],"version-history":[{"count":9,"href":"https:\/\/pradorodas.com.br\/index.php\/wp-json\/wp\/v2\/pages\/12\/revisions"}],"predecessor-version":[{"id":165,"href":"https:\/\/pradorodas.com.br\/index.php\/wp-json\/wp\/v2\/pages\/12\/revisions\/165"}],"wp:featuredmedia":[{"embeddable":true,"href":"https:\/\/pradorodas.com.br\/index.php\/wp-json\/wp\/v2\/media\/36"}],"wp:attachment":[{"href":"https:\/\/pradorodas.com.br\/index.php\/wp-json\/wp\/v2\/media?parent=12"}],"curies":[{"name":"wp","href":"https:\/\/api.w.org\/{rel}","templated":true}]}}